{"id":3,"date":"2023-11-14T15:45:28","date_gmt":"2023-11-14T15:45:28","guid":{"rendered":"https:\/\/www.circlecityinternet.com\/wp23\/?page_id=3"},"modified":"2024-01-11T22:47:47","modified_gmt":"2024-01-11T22:47:47","slug":"privacy-policy","status":"publish","type":"page","link":"https:\/\/www.circlecityinternet.com\/es\/privacy-policy\/","title":{"rendered":"Pol\u00edtica de privacidad"},"content":{"rendered":"<div data-elementor-type=\"wp-page\" data-elementor-id=\"3\" class=\"elementor elementor-3\" data-elementor-post-type=\"page\">\n\t\t\t\t<div class=\"elementor-element elementor-element-85cb7c9 e-flex e-con-boxed e-con e-parent\" data-id=\"85cb7c9\" data-element_type=\"container\" data-e-type=\"container\">\n\t\t\t\t\t<div class=\"e-con-inner\">\n\t\t<div class=\"elementor-element elementor-element-836cd00 e-con-full e-flex e-con e-child\" data-id=\"836cd00\" data-element_type=\"container\" data-e-type=\"container\">\n\t\t<div class=\"elementor-element elementor-element-a335e45 e-con-full e-flex e-con e-child\" data-id=\"a335e45\" data-element_type=\"container\" data-e-type=\"container\" data-settings=\"{&quot;background_background&quot;:&quot;classic&quot;}\">\n\t\t\t\t<\/div>\n\t\t<div class=\"elementor-element elementor-element-08957a5 e-con-full e-flex e-con e-child\" data-id=\"08957a5\" data-element_type=\"container\" data-e-type=\"container\">\n\t\t\t\t<div class=\"elementor-element elementor-element-8d7a1a8 elementor-widget elementor-widget-heading\" data-id=\"8d7a1a8\" data-element_type=\"widget\" data-e-type=\"widget\" data-widget_type=\"heading.default\">\n\t\t\t\t<div class=\"elementor-widget-container\">\n\t\t\t\t\t<h1 class=\"elementor-heading-title elementor-size-default\">Nuestra\nPol\u00edtica de privacidad<\/h1>\t\t\t\t<\/div>\n\t\t\t\t<\/div>\n\t\t\t\t<div class=\"elementor-element elementor-element-690a8a8 elementor-widget elementor-widget-text-editor\" data-id=\"690a8a8\" data-element_type=\"widget\" data-e-type=\"widget\" data-widget_type=\"text-editor.default\">\n\t\t\t\t<div class=\"elementor-widget-container\">\n\t\t\t\t\t\t\t\t\t<h2>1. Introducci\u00f3n<\/h2>\n<p>En Circle City Internet respetamos su derecho a la privacidad y cumplimos con nuestras obligaciones en virtud de las Leyes de Protecci\u00f3n de Datos de 1988 y 2002. El objetivo de esta Pol\u00edtica de privacidad del sitio web es explicar c\u00f3mo tratamos los datos personales que nos proporciona mientras visita este sitio web, sistemas y aplicaciones (*.circlecityinternet.com). Naturalmente, si no est\u00e1 conforme con esta Pol\u00edtica de Privacidad del Sitio Web, no debe utilizar este sitio web.<\/p>\n<p>Al visitar este sitio web, usted acepta los t\u00e9rminos de esta Pol\u00edtica de privacidad del sitio web. Cualquier enlace externo a otros sitios web est\u00e1 claramente identificado como tal, y no somos responsables del contenido ni de las pol\u00edticas de privacidad de estos otros sitios web.<br><br><\/p>\n<h2>2. Tipos de informaci\u00f3n recopilada<\/h2>\n<p>Conservamos dos tipos de informaci\u00f3n:<\/p>\n<h3>a. Datos personales<\/h3>\n<p>Se trata de datos que le identifican o pueden utilizarse para identificarle o ponerse en contacto con usted y pueden incluir su nombre, direcci\u00f3n, direcci\u00f3n de correo electr\u00f3nico, n\u00famero de tel\u00e9fono e informaci\u00f3n de facturaci\u00f3n. Esta informaci\u00f3n solo se recopila si usted nos la facilita voluntariamente.<\/p>\n<h3>b. Datos no personales<\/h3>\n<p>Al igual que la mayor\u00eda de los sitios web, recopilamos informaci\u00f3n estad\u00edstica y otros datos anal\u00edticos de forma agregada de todos los visitantes de nuestro sitio web. Estos Datos no personales comprenden informaci\u00f3n que no puede utilizarse para identificarle o ponerse en contacto con usted, como informaci\u00f3n demogr\u00e1fica relativa, por ejemplo, a las direcciones IP de los usuarios cuando han sido recortadas o anonimizadas, tipos de navegador y otros datos estad\u00edsticos an\u00f3nimos relativos al uso de nuestro sitio web.<br><br><\/p>\n<h2>3. Fines para los que conservamos su informaci\u00f3n<\/h2>\n<p>Utilizamos los datos no personales recopilados de los visitantes de nuestro sitio web de forma agregada para comprender mejor de d\u00f3nde proceden nuestros visitantes y para ayudarnos a dise\u00f1ar y organizar mejor nuestro sitio web.<\/p>\n<p>Trataremos los Datos Personales que nos facilite para los siguientes fines:<\/p>\n<ul>\n<li>proporcionarle los bienes o servicios que haya solicitado<\/li>\n<li>para ponernos en contacto con usted si es necesario en relaci\u00f3n con su pedido o para responder a cualquier comunicaci\u00f3n que nos env\u00ede<\/li>\n<li>mantenerle informado de las actualizaciones de nuestros servicios<br><br><\/li>\n<\/ul>\n<h2>4. Divulgaci\u00f3n de informaci\u00f3n a terceros<\/h2>\n<p>Podemos facilitar Datos No Personales a terceros, cuando dicha informaci\u00f3n se combine con informaci\u00f3n similar de otros usuarios de nuestro sitio web. Por ejemplo, podr\u00edamos informar a terceros sobre el n\u00famero de usuarios \u00fanicos que visitan nuestro sitio web, el desglose demogr\u00e1fico de la comunidad de usuarios de nuestro sitio web o las actividades que realizan los visitantes de nuestro sitio web mientras est\u00e1n en \u00e9l. Los terceros a los que podemos proporcionar esta informaci\u00f3n pueden incluir socios comerciales, patrocinadores, licenciatarios, investigadores y otras partes similares.No revelaremos sus Datos Personales a terceros a menos que usted haya dado su consentimiento para esta revelaci\u00f3n o a menos que el tercero est\u00e9 obligado a cumplir su pedido (en tales circunstancias, el tercero est\u00e1 obligado por requisitos similares de protecci\u00f3n de datos). Revelaremos sus Datos Personales si creemos de buena fe que estamos obligados a revelarlos para cumplir cualquier ley aplicable, una citaci\u00f3n, una orden de registro, una orden judicial o reglamentaria, u otro requisito legal.<br><br><\/p>\n<h2>5. 5. Venta de empresas<\/h2>\n<p>Nos reservamos el derecho a transferir informaci\u00f3n (incluidos sus Datos Personales) a un tercero en caso de venta, fusi\u00f3n, liquidaci\u00f3n, administraci\u00f3n judicial o transferencia de todos o pr\u00e1cticamente todos los activos de nuestra empresa, siempre que el tercero acepte adherirse a los t\u00e9rminos de la Pol\u00edtica de Privacidad del Sitio Web y siempre que el tercero s\u00f3lo utilice sus Datos Personales para los fines para los que usted nos los proporcion\u00f3. En caso de que se produzca dicha transferencia, se le notificar\u00e1 y se le ofrecer\u00e1 la oportunidad de excluirse.<br><br><\/p>\n<h2>6. Seguridad<\/h2>\n<p>Sus Datos Personales se guardan en servidores seguros alojados por nosotros. Debido a la naturaleza de Internet, no podemos garantizar la seguridad de la informaci\u00f3n que nos transmita a trav\u00e9s de Internet. Ninguna transmisi\u00f3n de datos por Internet puede garantizarse como 100% segura. No obstante, tomaremos todas las medidas razonables (incluidas las medidas t\u00e9cnicas y organizativas apropiadas) para proteger sus Datos Personales.<br><br><\/p>\n<h2>7. Actualizaci\u00f3n, verificaci\u00f3n y supresi\u00f3n de datos personales<\/h2>\n<p>Puede informarnos de cualquier cambio en sus Datos Personales y, de conformidad con nuestras obligaciones en virtud de las Leyes de Protecci\u00f3n de Datos, actualizaremos o eliminaremos sus Datos Personales en consecuencia. Para saber qu\u00e9 Datos Personales tenemos sobre usted o para que actualicemos, modifiquemos o eliminemos sus Datos Personales de nuestra base de datos, env\u00edenos un correo electr\u00f3nico a help@remarkablewifi.com. Cualquier solicitud de este tipo puede estar sujeta al pago de una tasa.<br><br><\/p>\n<h2>8. Cambios en la pol\u00edtica de privacidad del sitio web<\/h2>\n<p>Cualquier cambio en esta Pol\u00edtica de privacidad del sitio web se publicar\u00e1 en este sitio web para que usted est\u00e9 siempre al tanto de qu\u00e9 informaci\u00f3n recopilamos, c\u00f3mo la utilizamos y en qu\u00e9 circunstancias, si las hubiera, la revelamos. Si en alg\u00fan momento decidimos utilizar los Datos Personales de una manera significativamente diferente a la establecida en esta Pol\u00edtica de Privacidad del Sitio Web, o a la que se le comunic\u00f3 en el momento de su recogida, se lo notificaremos por correo electr\u00f3nico, y usted tendr\u00e1 la opci\u00f3n de decidir si utilizamos o no su informaci\u00f3n de la nueva manera.<\/p>\t\t\t\t\t\t\t\t<\/div>\n\t\t\t\t<\/div>\n\t\t\t\t<\/div>\n\t\t\t\t<\/div>\n\t\t\t\t\t<\/div>\n\t\t\t\t<\/div>\n\t\t<div class=\"elementor-element elementor-element-6c4887b e-flex e-con-boxed e-con e-parent\" data-id=\"6c4887b\" data-element_type=\"container\" data-e-type=\"container\">\n\t\t\t\t\t<div class=\"e-con-inner\">\n\t\t\t\t\t<\/div>\n\t\t\t\t<\/div>\n\t\t\t\t<\/div>","protected":false},"excerpt":{"rendered":"<p>Our Privacy Policy 1. Introduction We at Circle City Internet respect your right to privacy and comply with our obligations under the Data Protection Acts 1988 and 2002. The purpose of this Website Privacy Policy is to outline how we deal with any personal data you provide to us while visiting this website, systems and [&hellip;]<\/p>\n","protected":false},"author":1,"featured_media":0,"parent":0,"menu_order":0,"comment_status":"closed","ping_status":"open","template":"","meta":{"footnotes":""},"class_list":["post-3","page","type-page","status-publish","hentry"],"yoast_head":"<!-- This site is optimized with the Yoast SEO plugin v27.4 - https:\/\/yoast.com\/product\/yoast-seo-wordpress\/ -->\n<title>Privacy Policy | CIRCLE CITY INTERNET<\/title>\n<meta name=\"description\" content=\"Our Privacy Policy 1. Introduction We at Circle City Internet respect your right to privacy and comply with our obligations under the Data Protection Acts\" \/>\n<meta name=\"robots\" content=\"index, follow, max-snippet:-1, max-image-preview:large, max-video-preview:-1\" \/>\n<link rel=\"canonical\" href=\"https:\/\/www.circlecityinternet.com\/es\/privacy-policy\/\" \/>\n<meta property=\"og:locale\" content=\"es_MX\" \/>\n<meta property=\"og:type\" content=\"article\" \/>\n<meta property=\"og:title\" content=\"Privacy Policy | CIRCLE CITY INTERNET\" \/>\n<meta property=\"og:description\" content=\"Our Privacy Policy 1. Introduction We at Circle City Internet respect your right to privacy and comply with our obligations under the Data Protection Acts\" \/>\n<meta property=\"og:url\" content=\"https:\/\/www.circlecityinternet.com\/es\/privacy-policy\/\" \/>\n<meta property=\"og:site_name\" content=\"CIRCLE CITY INTERNET\" \/>\n<meta property=\"article:publisher\" content=\"https:\/\/facebook.com\/circlecityinternet\" \/>\n<meta property=\"article:modified_time\" content=\"2024-01-11T22:47:47+00:00\" \/>\n<meta name=\"twitter:card\" content=\"summary_large_image\" \/>\n<meta name=\"twitter:label1\" content=\"Tiempo de lectura\" \/>\n\t<meta name=\"twitter:data1\" content=\"4 minutos\" \/>\n<script type=\"application\/ld+json\" class=\"yoast-schema-graph\">{\"@context\":\"https:\\\/\\\/schema.org\",\"@graph\":[{\"@type\":\"WebPage\",\"@id\":\"https:\\\/\\\/www.circlecityinternet.com\\\/tl\\\/privacy-policy\\\/\",\"url\":\"https:\\\/\\\/www.circlecityinternet.com\\\/tl\\\/privacy-policy\\\/\",\"name\":\"Privacy Policy | CIRCLE CITY INTERNET\",\"isPartOf\":{\"@id\":\"https:\\\/\\\/www.circlecityinternet.com\\\/#website\"},\"datePublished\":\"2023-11-14T15:45:28+00:00\",\"dateModified\":\"2024-01-11T22:47:47+00:00\",\"description\":\"Our Privacy Policy 1. Introduction We at Circle City Internet respect your right to privacy and comply with our obligations under the Data Protection Acts\",\"breadcrumb\":{\"@id\":\"https:\\\/\\\/www.circlecityinternet.com\\\/tl\\\/privacy-policy\\\/#breadcrumb\"},\"inLanguage\":\"es\",\"potentialAction\":[{\"@type\":\"ReadAction\",\"target\":[\"https:\\\/\\\/www.circlecityinternet.com\\\/tl\\\/privacy-policy\\\/\"]}]},{\"@type\":\"BreadcrumbList\",\"@id\":\"https:\\\/\\\/www.circlecityinternet.com\\\/tl\\\/privacy-policy\\\/#breadcrumb\",\"itemListElement\":[{\"@type\":\"ListItem\",\"position\":1,\"name\":\"Home\",\"item\":\"https:\\\/\\\/www.circlecityinternet.com\\\/\"},{\"@type\":\"ListItem\",\"position\":2,\"name\":\"Privacy Policy\"}]},{\"@type\":\"WebSite\",\"@id\":\"https:\\\/\\\/www.circlecityinternet.com\\\/#website\",\"url\":\"https:\\\/\\\/www.circlecityinternet.com\\\/\",\"name\":\"Circle City Internet\",\"description\":\"Reliable Fiber Internet for Rural Arizona\",\"publisher\":{\"@id\":\"https:\\\/\\\/www.circlecityinternet.com\\\/#organization\"},\"potentialAction\":[{\"@type\":\"SearchAction\",\"target\":{\"@type\":\"EntryPoint\",\"urlTemplate\":\"https:\\\/\\\/www.circlecityinternet.com\\\/?s={search_term_string}\"},\"query-input\":{\"@type\":\"PropertyValueSpecification\",\"valueRequired\":true,\"valueName\":\"search_term_string\"}}],\"inLanguage\":\"es\"},{\"@type\":\"Organization\",\"@id\":\"https:\\\/\\\/www.circlecityinternet.com\\\/#organization\",\"name\":\"Circle City Internet\",\"url\":\"https:\\\/\\\/www.circlecityinternet.com\\\/\",\"logo\":{\"@type\":\"ImageObject\",\"inLanguage\":\"es\",\"@id\":\"https:\\\/\\\/www.circlecityinternet.com\\\/#\\\/schema\\\/logo\\\/image\\\/\",\"url\":\"https:\\\/\\\/www.circlecityinternet.com\\\/wp23\\\/wp-content\\\/uploads\\\/2025\\\/08\\\/Logo-bizcards-centered_filled.png\",\"contentUrl\":\"https:\\\/\\\/www.circlecityinternet.com\\\/wp23\\\/wp-content\\\/uploads\\\/2025\\\/08\\\/Logo-bizcards-centered_filled.png\",\"width\":801,\"height\":796,\"caption\":\"Circle City Internet\"},\"image\":{\"@id\":\"https:\\\/\\\/www.circlecityinternet.com\\\/#\\\/schema\\\/logo\\\/image\\\/\"},\"sameAs\":[\"https:\\\/\\\/facebook.com\\\/circlecityinternet\"]}]}<\/script>\n<!-- \/ Yoast SEO plugin. -->","yoast_head_json":{"title":"Pol\u00edtica de privacidad | CIRCLE CITY INTERNET","description":"Nuestra pol\u00edtica de privacidad 1. Introducci\u00f3n En Circle City Internet respetamos su derecho a la privacidad y cumplimos con nuestras obligaciones en virtud de las Leyes de Protecci\u00f3n de Datos.","robots":{"index":"index","follow":"follow","max-snippet":"max-snippet:-1","max-image-preview":"max-image-preview:large","max-video-preview":"max-video-preview:-1"},"canonical":"https:\/\/www.circlecityinternet.com\/es\/privacy-policy\/","og_locale":"es_MX","og_type":"article","og_title":"Privacy Policy | CIRCLE CITY INTERNET","og_description":"Our Privacy Policy 1. Introduction We at Circle City Internet respect your right to privacy and comply with our obligations under the Data Protection Acts","og_url":"https:\/\/www.circlecityinternet.com\/es\/privacy-policy\/","og_site_name":"CIRCLE CITY INTERNET","article_publisher":"https:\/\/facebook.com\/circlecityinternet","article_modified_time":"2024-01-11T22:47:47+00:00","twitter_card":"summary_large_image","twitter_misc":{"Tiempo de lectura":"4 minutos"},"schema":{"@context":"https:\/\/schema.org","@graph":[{"@type":"WebPage","@id":"https:\/\/www.circlecityinternet.com\/tl\/privacy-policy\/","url":"https:\/\/www.circlecityinternet.com\/tl\/privacy-policy\/","name":"Pol\u00edtica de privacidad | CIRCLE CITY INTERNET","isPartOf":{"@id":"https:\/\/www.circlecityinternet.com\/#website"},"datePublished":"2023-11-14T15:45:28+00:00","dateModified":"2024-01-11T22:47:47+00:00","description":"Nuestra pol\u00edtica de privacidad 1. Introducci\u00f3n En Circle City Internet respetamos su derecho a la privacidad y cumplimos con nuestras obligaciones en virtud de las Leyes de Protecci\u00f3n de Datos.","breadcrumb":{"@id":"https:\/\/www.circlecityinternet.com\/tl\/privacy-policy\/#breadcrumb"},"inLanguage":"es","potentialAction":[{"@type":"ReadAction","target":["https:\/\/www.circlecityinternet.com\/tl\/privacy-policy\/"]}]},{"@type":"BreadcrumbList","@id":"https:\/\/www.circlecityinternet.com\/tl\/privacy-policy\/#breadcrumb","itemListElement":[{"@type":"ListItem","position":1,"name":"Home","item":"https:\/\/www.circlecityinternet.com\/"},{"@type":"ListItem","position":2,"name":"Privacy Policy"}]},{"@type":"WebSite","@id":"https:\/\/www.circlecityinternet.com\/#website","url":"https:\/\/www.circlecityinternet.com\/","name":"Internet Circle City","description":"Internet de fibra fiable para zonas rurales de Arizona","publisher":{"@id":"https:\/\/www.circlecityinternet.com\/#organization"},"potentialAction":[{"@type":"SearchAction","target":{"@type":"EntryPoint","urlTemplate":"https:\/\/www.circlecityinternet.com\/?s={search_term_string}"},"query-input":{"@type":"PropertyValueSpecification","valueRequired":true,"valueName":"search_term_string"}}],"inLanguage":"es"},{"@type":"Organization","@id":"https:\/\/www.circlecityinternet.com\/#organization","name":"Internet Circle City","url":"https:\/\/www.circlecityinternet.com\/","logo":{"@type":"ImageObject","inLanguage":"es","@id":"https:\/\/www.circlecityinternet.com\/#\/schema\/logo\/image\/","url":"https:\/\/www.circlecityinternet.com\/wp23\/wp-content\/uploads\/2025\/08\/Logo-bizcards-centered_filled.png","contentUrl":"https:\/\/www.circlecityinternet.com\/wp23\/wp-content\/uploads\/2025\/08\/Logo-bizcards-centered_filled.png","width":801,"height":796,"caption":"Circle City Internet"},"image":{"@id":"https:\/\/www.circlecityinternet.com\/#\/schema\/logo\/image\/"},"sameAs":["https:\/\/facebook.com\/circlecityinternet"]}]}},"_links":{"self":[{"href":"https:\/\/www.circlecityinternet.com\/es\/wp-json\/wp\/v2\/pages\/3","targetHints":{"allow":["GET"]}}],"collection":[{"href":"https:\/\/www.circlecityinternet.com\/es\/wp-json\/wp\/v2\/pages"}],"about":[{"href":"https:\/\/www.circlecityinternet.com\/es\/wp-json\/wp\/v2\/types\/page"}],"author":[{"embeddable":true,"href":"https:\/\/www.circlecityinternet.com\/es\/wp-json\/wp\/v2\/users\/1"}],"replies":[{"embeddable":true,"href":"https:\/\/www.circlecityinternet.com\/es\/wp-json\/wp\/v2\/comments?post=3"}],"version-history":[{"count":9,"href":"https:\/\/www.circlecityinternet.com\/es\/wp-json\/wp\/v2\/pages\/3\/revisions"}],"predecessor-version":[{"id":237,"href":"https:\/\/www.circlecityinternet.com\/es\/wp-json\/wp\/v2\/pages\/3\/revisions\/237"}],"wp:attachment":[{"href":"https:\/\/www.circlecityinternet.com\/es\/wp-json\/wp\/v2\/media?parent=3"}],"curies":[{"name":"wp","href":"https:\/\/api.w.org\/{rel}","templated":true}]}}