{"id":41,"date":"2023-11-14T16:08:03","date_gmt":"2023-11-14T16:08:03","guid":{"rendered":"https:\/\/www.circlecityinternet.com\/wp23\/our-story\/"},"modified":"2025-08-30T02:54:13","modified_gmt":"2025-08-30T02:54:13","slug":"our-story","status":"publish","type":"page","link":"https:\/\/www.circlecityinternet.com\/es\/our-story\/","title":{"rendered":"Nuestra historia"},"content":{"rendered":"<div data-elementor-type=\"wp-page\" data-elementor-id=\"41\" class=\"elementor elementor-41\" data-elementor-post-type=\"page\">\n\t\t\t\t<div class=\"elementor-element elementor-element-47a8853c e-con-full e-flex e-con e-parent\" data-id=\"47a8853c\" data-element_type=\"container\" data-e-type=\"container\">\n\t\t<div class=\"elementor-element elementor-element-17565af1 e-con-full e-flex e-con e-child\" data-id=\"17565af1\" data-element_type=\"container\" data-e-type=\"container\" data-settings=\"{&quot;background_background&quot;:&quot;classic&quot;}\">\n\t\t\t\t<\/div>\n\t\t<div class=\"elementor-element elementor-element-8734fb e-con-full e-flex e-con e-child\" data-id=\"8734fb\" data-element_type=\"container\" data-e-type=\"container\">\n\t\t\t\t<div class=\"elementor-element elementor-element-12836e92 elementor-widget elementor-widget-heading\" data-id=\"12836e92\" data-element_type=\"widget\" data-e-type=\"widget\" data-widget_type=\"heading.default\">\n\t\t\t\t<div class=\"elementor-widget-container\">\n\t\t\t\t\t<h6 class=\"elementor-heading-title elementor-size-default\">Breve historia<\/h6>\t\t\t\t<\/div>\n\t\t\t\t<\/div>\n\t\t\t\t<div class=\"elementor-element elementor-element-3fd0410 elementor-widget elementor-widget-heading\" data-id=\"3fd0410\" data-element_type=\"widget\" data-e-type=\"widget\" data-widget_type=\"heading.default\">\n\t\t\t\t<div class=\"elementor-widget-container\">\n\t\t\t\t\t<h1 class=\"elementor-heading-title elementor-size-default\">Nuestra historia<\/h1>\t\t\t\t<\/div>\n\t\t\t\t<\/div>\n\t\t\t\t<div class=\"elementor-element elementor-element-662ba29b elementor-invisible elementor-widget elementor-widget-text-editor\" data-id=\"662ba29b\" data-element_type=\"widget\" data-e-type=\"widget\" data-settings=\"{&quot;_animation&quot;:&quot;fadeIn&quot;,&quot;_animation_delay&quot;:400}\" data-widget_type=\"text-editor.default\">\n\t\t\t\t<div class=\"elementor-widget-container\">\n\t\t\t\t\t\t\t\t\t<p>Somos sus vecinos. Vivimos aqu\u00ed, en Circle City. Nos encanta nuestra peque\u00f1a comunidad y estar fuera de la ajetreada ciudad, donde nuestros hijos pueden disfrutar del aire libre y ver las estrellas por la noche.  Pero vivir en una zona rural de Arizona no significa que no merezcamos las comodidades que ofrece vivir en la ciudad, es decir, una conexi\u00f3n a Internet r\u00e1pida y fiable.\u00a0<\/p><p>Nuestro fundador tiene 20 a\u00f1os de experiencia en tecnolog\u00eda, que incluye, entre otras cosas, el dise\u00f1o de redes, la fibra \u00f3ptica y la tecnolog\u00eda inal\u00e1mbrica. Aprovechando esos conocimientos, nos hemos propuesto conectar a nuestra comunidad rural a una Internet que beneficiar\u00e1 a los padres que trabajan en casa, a los estudiantes, a los jugadores o a los abuelos que quieren hacer una videollamada de calidad con sus nietos.\u00a0<\/p>\t\t\t\t\t\t\t\t<\/div>\n\t\t\t\t<\/div>\n\t\t\t\t<\/div>\n\t\t\t\t<\/div>\n\t\t\t\t<\/div>","protected":false},"excerpt":{"rendered":"<p>A Brief History Our Story We are your neighbor. We live right here in Circle City. We love our little community and being out of the busy city, where our kids can enjoy the outdoors and actually see the stars at night.\u00a0 But living in rural Arizona doesn&#8217;t mean we don&#8217;t deserve the amenities that [&hellip;]<\/p>\n","protected":false},"author":1,"featured_media":0,"parent":0,"menu_order":0,"comment_status":"closed","ping_status":"closed","template":"elementor_header_footer","meta":{"footnotes":""},"class_list":["post-41","page","type-page","status-publish","hentry"],"yoast_head":"<!-- This site is optimized with the Yoast SEO plugin v27.4 - https:\/\/yoast.com\/product\/yoast-seo-wordpress\/ -->\n<title>About Circle City Internet | Local Arizona ISP<\/title>\n<meta name=\"description\" content=\"Meet your neighbors at Circle City Internet. Local Arizona internet provider with 20+ years tech experience serving rural communities.\" \/>\n<meta name=\"robots\" content=\"index, follow, max-snippet:-1, max-image-preview:large, max-video-preview:-1\" \/>\n<link rel=\"canonical\" href=\"https:\/\/www.circlecityinternet.com\/es\/our-story\/\" \/>\n<meta property=\"og:locale\" content=\"es_MX\" \/>\n<meta property=\"og:type\" content=\"article\" \/>\n<meta property=\"og:title\" content=\"About Circle City Internet | Local Arizona ISP\" \/>\n<meta property=\"og:description\" content=\"Meet your neighbors at Circle City Internet. Local Arizona internet provider with 20+ years tech experience serving rural communities.\" \/>\n<meta property=\"og:url\" content=\"https:\/\/www.circlecityinternet.com\/es\/our-story\/\" \/>\n<meta property=\"og:site_name\" content=\"CIRCLE CITY INTERNET\" \/>\n<meta property=\"article:publisher\" content=\"https:\/\/facebook.com\/circlecityinternet\" \/>\n<meta property=\"article:modified_time\" content=\"2025-08-30T02:54:13+00:00\" \/>\n<meta name=\"twitter:card\" content=\"summary_large_image\" \/>\n<meta name=\"twitter:label1\" content=\"Tiempo de lectura\" \/>\n\t<meta name=\"twitter:data1\" content=\"1 minuto\" \/>\n<script type=\"application\/ld+json\" class=\"yoast-schema-graph\">{\"@context\":\"https:\\\/\\\/schema.org\",\"@graph\":[{\"@type\":\"WebPage\",\"@id\":\"https:\\\/\\\/www.circlecityinternet.com\\\/our-story\\\/\",\"url\":\"https:\\\/\\\/www.circlecityinternet.com\\\/our-story\\\/\",\"name\":\"About Circle City Internet | Local Arizona ISP\",\"isPartOf\":{\"@id\":\"https:\\\/\\\/www.circlecityinternet.com\\\/#website\"},\"datePublished\":\"2023-11-14T16:08:03+00:00\",\"dateModified\":\"2025-08-30T02:54:13+00:00\",\"description\":\"Meet your neighbors at Circle City Internet. Local Arizona internet provider with 20+ years tech experience serving rural communities.\",\"breadcrumb\":{\"@id\":\"https:\\\/\\\/www.circlecityinternet.com\\\/our-story\\\/#breadcrumb\"},\"inLanguage\":\"es\",\"potentialAction\":[{\"@type\":\"ReadAction\",\"target\":[\"https:\\\/\\\/www.circlecityinternet.com\\\/our-story\\\/\"]}]},{\"@type\":\"BreadcrumbList\",\"@id\":\"https:\\\/\\\/www.circlecityinternet.com\\\/our-story\\\/#breadcrumb\",\"itemListElement\":[{\"@type\":\"ListItem\",\"position\":1,\"name\":\"Home\",\"item\":\"https:\\\/\\\/www.circlecityinternet.com\\\/\"},{\"@type\":\"ListItem\",\"position\":2,\"name\":\"Our Story\"}]},{\"@type\":\"WebSite\",\"@id\":\"https:\\\/\\\/www.circlecityinternet.com\\\/#website\",\"url\":\"https:\\\/\\\/www.circlecityinternet.com\\\/\",\"name\":\"Circle City Internet\",\"description\":\"Reliable Fiber Internet for Rural Arizona\",\"publisher\":{\"@id\":\"https:\\\/\\\/www.circlecityinternet.com\\\/#organization\"},\"potentialAction\":[{\"@type\":\"SearchAction\",\"target\":{\"@type\":\"EntryPoint\",\"urlTemplate\":\"https:\\\/\\\/www.circlecityinternet.com\\\/?s={search_term_string}\"},\"query-input\":{\"@type\":\"PropertyValueSpecification\",\"valueRequired\":true,\"valueName\":\"search_term_string\"}}],\"inLanguage\":\"es\"},{\"@type\":\"Organization\",\"@id\":\"https:\\\/\\\/www.circlecityinternet.com\\\/#organization\",\"name\":\"Circle City Internet\",\"url\":\"https:\\\/\\\/www.circlecityinternet.com\\\/\",\"logo\":{\"@type\":\"ImageObject\",\"inLanguage\":\"es\",\"@id\":\"https:\\\/\\\/www.circlecityinternet.com\\\/#\\\/schema\\\/logo\\\/image\\\/\",\"url\":\"https:\\\/\\\/www.circlecityinternet.com\\\/wp23\\\/wp-content\\\/uploads\\\/2025\\\/08\\\/Logo-bizcards-centered_filled.png\",\"contentUrl\":\"https:\\\/\\\/www.circlecityinternet.com\\\/wp23\\\/wp-content\\\/uploads\\\/2025\\\/08\\\/Logo-bizcards-centered_filled.png\",\"width\":801,\"height\":796,\"caption\":\"Circle City Internet\"},\"image\":{\"@id\":\"https:\\\/\\\/www.circlecityinternet.com\\\/#\\\/schema\\\/logo\\\/image\\\/\"},\"sameAs\":[\"https:\\\/\\\/facebook.com\\\/circlecityinternet\"]}]}<\/script>\n<!-- \/ Yoast SEO plugin. -->","yoast_head_json":{"title":"Acerca de Circle City Internet | ISP local de Arizona","description":"Conoce a tus vecinos en Circle City Internet. Proveedor local de Internet en Arizona con m\u00e1s de 20 a\u00f1os de experiencia en tecnolog\u00eda al servicio de las comunidades rurales.","robots":{"index":"index","follow":"follow","max-snippet":"max-snippet:-1","max-image-preview":"max-image-preview:large","max-video-preview":"max-video-preview:-1"},"canonical":"https:\/\/www.circlecityinternet.com\/es\/our-story\/","og_locale":"es_MX","og_type":"article","og_title":"About Circle City Internet | Local Arizona ISP","og_description":"Meet your neighbors at Circle City Internet. Local Arizona internet provider with 20+ years tech experience serving rural communities.","og_url":"https:\/\/www.circlecityinternet.com\/es\/our-story\/","og_site_name":"CIRCLE CITY INTERNET","article_publisher":"https:\/\/facebook.com\/circlecityinternet","article_modified_time":"2025-08-30T02:54:13+00:00","twitter_card":"summary_large_image","twitter_misc":{"Tiempo de lectura":"1 minuto"},"schema":{"@context":"https:\/\/schema.org","@graph":[{"@type":"WebPage","@id":"https:\/\/www.circlecityinternet.com\/our-story\/","url":"https:\/\/www.circlecityinternet.com\/our-story\/","name":"Acerca de Circle City Internet | ISP local de Arizona","isPartOf":{"@id":"https:\/\/www.circlecityinternet.com\/#website"},"datePublished":"2023-11-14T16:08:03+00:00","dateModified":"2025-08-30T02:54:13+00:00","description":"Conoce a tus vecinos en Circle City Internet. Proveedor local de Internet en Arizona con m\u00e1s de 20 a\u00f1os de experiencia en tecnolog\u00eda al servicio de las comunidades rurales.","breadcrumb":{"@id":"https:\/\/www.circlecityinternet.com\/our-story\/#breadcrumb"},"inLanguage":"es","potentialAction":[{"@type":"ReadAction","target":["https:\/\/www.circlecityinternet.com\/our-story\/"]}]},{"@type":"BreadcrumbList","@id":"https:\/\/www.circlecityinternet.com\/our-story\/#breadcrumb","itemListElement":[{"@type":"ListItem","position":1,"name":"Home","item":"https:\/\/www.circlecityinternet.com\/"},{"@type":"ListItem","position":2,"name":"Our Story"}]},{"@type":"WebSite","@id":"https:\/\/www.circlecityinternet.com\/#website","url":"https:\/\/www.circlecityinternet.com\/","name":"Internet Circle City","description":"Internet de fibra fiable para zonas rurales de Arizona","publisher":{"@id":"https:\/\/www.circlecityinternet.com\/#organization"},"potentialAction":[{"@type":"SearchAction","target":{"@type":"EntryPoint","urlTemplate":"https:\/\/www.circlecityinternet.com\/?s={search_term_string}"},"query-input":{"@type":"PropertyValueSpecification","valueRequired":true,"valueName":"search_term_string"}}],"inLanguage":"es"},{"@type":"Organization","@id":"https:\/\/www.circlecityinternet.com\/#organization","name":"Internet Circle City","url":"https:\/\/www.circlecityinternet.com\/","logo":{"@type":"ImageObject","inLanguage":"es","@id":"https:\/\/www.circlecityinternet.com\/#\/schema\/logo\/image\/","url":"https:\/\/www.circlecityinternet.com\/wp23\/wp-content\/uploads\/2025\/08\/Logo-bizcards-centered_filled.png","contentUrl":"https:\/\/www.circlecityinternet.com\/wp23\/wp-content\/uploads\/2025\/08\/Logo-bizcards-centered_filled.png","width":801,"height":796,"caption":"Circle City Internet"},"image":{"@id":"https:\/\/www.circlecityinternet.com\/#\/schema\/logo\/image\/"},"sameAs":["https:\/\/facebook.com\/circlecityinternet"]}]}},"_links":{"self":[{"href":"https:\/\/www.circlecityinternet.com\/es\/wp-json\/wp\/v2\/pages\/41","targetHints":{"allow":["GET"]}}],"collection":[{"href":"https:\/\/www.circlecityinternet.com\/es\/wp-json\/wp\/v2\/pages"}],"about":[{"href":"https:\/\/www.circlecityinternet.com\/es\/wp-json\/wp\/v2\/types\/page"}],"author":[{"embeddable":true,"href":"https:\/\/www.circlecityinternet.com\/es\/wp-json\/wp\/v2\/users\/1"}],"replies":[{"embeddable":true,"href":"https:\/\/www.circlecityinternet.com\/es\/wp-json\/wp\/v2\/comments?post=41"}],"version-history":[{"count":13,"href":"https:\/\/www.circlecityinternet.com\/es\/wp-json\/wp\/v2\/pages\/41\/revisions"}],"predecessor-version":[{"id":262,"href":"https:\/\/www.circlecityinternet.com\/es\/wp-json\/wp\/v2\/pages\/41\/revisions\/262"}],"wp:attachment":[{"href":"https:\/\/www.circlecityinternet.com\/es\/wp-json\/wp\/v2\/media?parent=41"}],"curies":[{"name":"wp","href":"https:\/\/api.w.org\/{rel}","templated":true}]}}