{"id":45,"date":"2023-11-14T16:08:04","date_gmt":"2023-11-14T16:08:04","guid":{"rendered":"https:\/\/www.circlecityinternet.com\/wp23\/home\/"},"modified":"2025-08-30T03:14:39","modified_gmt":"2025-08-30T03:14:39","slug":"home","status":"publish","type":"page","link":"https:\/\/www.circlecityinternet.com\/es\/","title":{"rendered":"Inicio"},"content":{"rendered":"<div data-elementor-type=\"wp-page\" data-elementor-id=\"45\" class=\"elementor elementor-45\" data-elementor-post-type=\"page\">\n\t\t\t\t<div class=\"elementor-element elementor-element-d5cfde3 e-flex e-con-boxed e-con e-parent\" data-id=\"d5cfde3\" data-element_type=\"container\" data-e-type=\"container\" data-settings=\"{&quot;background_background&quot;:&quot;slideshow&quot;,&quot;background_slideshow_gallery&quot;:[],&quot;background_slideshow_loop&quot;:&quot;yes&quot;,&quot;background_slideshow_slide_duration&quot;:5000,&quot;background_slideshow_slide_transition&quot;:&quot;fade&quot;,&quot;background_slideshow_transition_duration&quot;:500}\">\n\t\t\t\t\t<div class=\"e-con-inner\">\n\t\t\t\t<div class=\"elementor-element elementor-element-3ecd55be elementor-invisible elementor-widget elementor-widget-heading\" data-id=\"3ecd55be\" data-element_type=\"widget\" data-e-type=\"widget\" data-settings=\"{&quot;_animation&quot;:&quot;fadeIn&quot;}\" data-widget_type=\"heading.default\">\n\t\t\t\t<div class=\"elementor-widget-container\">\n\t\t\t\t\t<h1 class=\"elementor-heading-title elementor-size-xxl\">El Internet residencial m\u00e1s r\u00e1pido\nEn\n\u00a1Circle City!<\/h1>\t\t\t\t<\/div>\n\t\t\t\t<\/div>\n\t\t\t\t<div class=\"elementor-element elementor-element-2a921c06 elementor-align-center elementor-invisible elementor-widget elementor-widget-button\" data-id=\"2a921c06\" data-element_type=\"widget\" data-e-type=\"widget\" data-settings=\"{&quot;_animation&quot;:&quot;fadeIn&quot;,&quot;_animation_delay&quot;:400}\" data-widget_type=\"button.default\">\n\t\t\t\t<div class=\"elementor-widget-container\">\n\t\t\t\t\t\t\t\t\t<div class=\"elementor-button-wrapper\">\n\t\t\t\t\t<a class=\"elementor-button elementor-button-link elementor-size-sm\" href=\"https:\/\/www.circlecityinternet.com\/es\/internet-plans\/\">\n\t\t\t\t\t\t<span class=\"elementor-button-content-wrapper\">\n\t\t\t\t\t\t\t\t\t<span class=\"elementor-button-text\">INSCR\u00cdBETE<\/span>\n\t\t\t\t\t<\/span>\n\t\t\t\t\t<\/a>\n\t\t\t\t<\/div>\n\t\t\t\t\t\t\t\t<\/div>\n\t\t\t\t<\/div>\n\t\t\t\t\t<\/div>\n\t\t\t\t<\/div>\n\t\t<div class=\"elementor-element elementor-element-4222001 e-flex e-con-boxed e-con e-parent\" data-id=\"4222001\" data-element_type=\"container\" data-e-type=\"container\">\n\t\t\t\t\t<div class=\"e-con-inner\">\n\t\t<div class=\"elementor-element elementor-element-05c5942 e-con-full e-flex e-con e-child\" data-id=\"05c5942\" data-element_type=\"container\" data-e-type=\"container\">\n\t\t\t\t<\/div>\n\t\t<div class=\"elementor-element elementor-element-fd0d0d7 e-con-full e-flex e-con e-child\" data-id=\"fd0d0d7\" data-element_type=\"container\" data-e-type=\"container\">\n\t\t\t\t<div class=\"elementor-element elementor-element-9e76ee4 elementor-widget elementor-widget-text-editor\" data-id=\"9e76ee4\" data-element_type=\"widget\" data-e-type=\"widget\" data-widget_type=\"text-editor.default\">\n\t\t\t\t<div class=\"elementor-widget-container\">\n\t\t\t\t\t\t\t\t\t<h1>Bienvenido a Circle City Internet - Su soluci\u00f3n local de fibra \u00f3ptica<\/h1><p>\u00bfCansado de la lentitud y la falta de fiabilidad de Internet en las zonas rurales de Arizona? <strong>Internet Circle City<\/strong> proporciona un rapid\u00edsimo servicio de Internet por fibra \u00f3ptica a <strong>Ciudad C\u00edrculo<\/strong> y <strong>Morristown, Arizona<\/strong> residentes. A diferencia de los proveedores de Internet por sat\u00e9lite e inal\u00e1mbrico que reducen la velocidad e imponen l\u00edmites de datos, nosotros ofrecemos Internet de alta velocidad constante que funciona incluso durante las tormentas.<\/p><h2>Nuestros servicios de Internet<\/h2><ul><li><strong>Internet de fibra \u00f3ptica<\/strong> con velocidades de hasta 1 Gigabit<\/li><li><strong>Sin l\u00edmite mensual de datos<\/strong> o estrangulamiento<\/li><li><strong>Conexi\u00f3n resistente a la intemperie<\/strong> (sin interrupciones por sat\u00e9lite)<\/li><li><strong>Servicio local de atenci\u00f3n al cliente<\/strong> de sus vecinos<\/li><li><strong>Instalaci\u00f3n profesional<\/strong><\/li><\/ul><h2>\u00bfPor qu\u00e9 elegir Circle City Internet?<\/h2><p>No somos s\u00f3lo su proveedor de Internet - somos sus vecinos. Con m\u00e1s de 20 a\u00f1os de experiencia en dise\u00f1o de redes, fibra \u00f3ptica y tecnolog\u00eda inal\u00e1mbrica, nuestro fundador entiende lo que las familias y empresas rurales de Arizona necesitan de su servicio de Internet.<\/p><p><strong>Al servicio de Circle City, Morristown y las comunidades rurales de Arizona circundantes.<\/strong><\/p>\t\t\t\t\t\t\t\t<\/div>\n\t\t\t\t<\/div>\n\t\t\t\t<\/div>\n\t\t<div class=\"elementor-element elementor-element-18c625c e-con-full e-flex e-con e-child\" data-id=\"18c625c\" data-element_type=\"container\" data-e-type=\"container\">\n\t\t\t\t<\/div>\n\t\t\t\t\t<\/div>\n\t\t\t\t<\/div>\n\t\t\t\t<\/div>","protected":false},"excerpt":{"rendered":"<p>The Fastest Residential Internet In Circle City! SIGN UP Welcome to Circle City Internet &#8211; Your Local Fiber Solution Tired of slow, unreliable internet in rural Arizona? Circle City Internet provides lightning-fast fiber optic internet service to Circle City and Morristown, Arizona residents. Unlike satellite and wireless internet providers that throttle your speeds and impose [&hellip;]<\/p>\n","protected":false},"author":1,"featured_media":0,"parent":0,"menu_order":0,"comment_status":"closed","ping_status":"closed","template":"elementor_header_footer","meta":{"footnotes":""},"class_list":["post-45","page","type-page","status-publish","hentry"],"yoast_head":"<!-- This site is optimized with the Yoast SEO plugin v27.5 - https:\/\/yoast.com\/product\/yoast-seo-wordpress\/ -->\n<title>Circle City Internet | Fiber Internet Arizona<\/title>\n<meta name=\"description\" content=\"Fast fiber internet for Circle City &amp; Morristown, Arizona. No data caps, weather-resistant service. Local ISP with 20+ years experience.\" \/>\n<meta name=\"robots\" content=\"index, follow, max-snippet:-1, max-image-preview:large, max-video-preview:-1\" \/>\n<link rel=\"canonical\" href=\"https:\/\/www.circlecityinternet.com\/es\/\" \/>\n<meta property=\"og:locale\" content=\"es_MX\" \/>\n<meta property=\"og:type\" content=\"article\" \/>\n<meta property=\"og:title\" content=\"Circle City Internet | Fiber Internet Arizona\" \/>\n<meta property=\"og:description\" content=\"Fast fiber internet for Circle City &amp; Morristown, Arizona. No data caps, weather-resistant service. Local ISP with 20+ years experience.\" \/>\n<meta property=\"og:url\" content=\"https:\/\/www.circlecityinternet.com\/es\/\" \/>\n<meta property=\"og:site_name\" content=\"CIRCLE CITY INTERNET\" \/>\n<meta property=\"article:publisher\" content=\"https:\/\/facebook.com\/circlecityinternet\" \/>\n<meta property=\"article:modified_time\" content=\"2025-08-30T03:14:39+00:00\" \/>\n<meta name=\"twitter:card\" content=\"summary_large_image\" \/>\n<meta name=\"twitter:label1\" content=\"Tiempo de lectura\" \/>\n\t<meta name=\"twitter:data1\" content=\"1 minuto\" \/>\n<script type=\"application\/ld+json\" class=\"yoast-schema-graph\">{\"@context\":\"https:\\\/\\\/schema.org\",\"@graph\":[{\"@type\":\"WebPage\",\"@id\":\"https:\\\/\\\/www.circlecityinternet.com\\\/\",\"url\":\"https:\\\/\\\/www.circlecityinternet.com\\\/\",\"name\":\"Circle City Internet | Fiber Internet Arizona\",\"isPartOf\":{\"@id\":\"https:\\\/\\\/www.circlecityinternet.com\\\/#website\"},\"datePublished\":\"2023-11-14T16:08:04+00:00\",\"dateModified\":\"2025-08-30T03:14:39+00:00\",\"description\":\"Fast fiber internet for Circle City & Morristown, Arizona. No data caps, weather-resistant service. Local ISP with 20+ years experience.\",\"breadcrumb\":{\"@id\":\"https:\\\/\\\/www.circlecityinternet.com\\\/#breadcrumb\"},\"inLanguage\":\"es\",\"potentialAction\":[{\"@type\":\"ReadAction\",\"target\":[\"https:\\\/\\\/www.circlecityinternet.com\\\/\"]}]},{\"@type\":\"BreadcrumbList\",\"@id\":\"https:\\\/\\\/www.circlecityinternet.com\\\/#breadcrumb\",\"itemListElement\":[{\"@type\":\"ListItem\",\"position\":1,\"name\":\"Home\",\"item\":\"https:\\\/\\\/www.circlecityinternet.com\\\/\"},{\"@type\":\"ListItem\",\"position\":2,\"name\":\"Home\"}]},{\"@type\":\"WebSite\",\"@id\":\"https:\\\/\\\/www.circlecityinternet.com\\\/#website\",\"url\":\"https:\\\/\\\/www.circlecityinternet.com\\\/\",\"name\":\"Circle City Internet\",\"description\":\"Reliable Fiber Internet for Rural Arizona\",\"publisher\":{\"@id\":\"https:\\\/\\\/www.circlecityinternet.com\\\/#organization\"},\"potentialAction\":[{\"@type\":\"SearchAction\",\"target\":{\"@type\":\"EntryPoint\",\"urlTemplate\":\"https:\\\/\\\/www.circlecityinternet.com\\\/?s={search_term_string}\"},\"query-input\":{\"@type\":\"PropertyValueSpecification\",\"valueRequired\":true,\"valueName\":\"search_term_string\"}}],\"inLanguage\":\"es\"},{\"@type\":\"Organization\",\"@id\":\"https:\\\/\\\/www.circlecityinternet.com\\\/#organization\",\"name\":\"Circle City Internet\",\"url\":\"https:\\\/\\\/www.circlecityinternet.com\\\/\",\"logo\":{\"@type\":\"ImageObject\",\"inLanguage\":\"es\",\"@id\":\"https:\\\/\\\/www.circlecityinternet.com\\\/#\\\/schema\\\/logo\\\/image\\\/\",\"url\":\"https:\\\/\\\/www.circlecityinternet.com\\\/wp23\\\/wp-content\\\/uploads\\\/2025\\\/08\\\/Logo-bizcards-centered_filled.png\",\"contentUrl\":\"https:\\\/\\\/www.circlecityinternet.com\\\/wp23\\\/wp-content\\\/uploads\\\/2025\\\/08\\\/Logo-bizcards-centered_filled.png\",\"width\":801,\"height\":796,\"caption\":\"Circle City Internet\"},\"image\":{\"@id\":\"https:\\\/\\\/www.circlecityinternet.com\\\/#\\\/schema\\\/logo\\\/image\\\/\"},\"sameAs\":[\"https:\\\/\\\/facebook.com\\\/circlecityinternet\"]}]}<\/script>\n<!-- \/ Yoast SEO plugin. -->","yoast_head_json":{"title":"Circle City Internet | Internet de Fibra Arizona","description":"Internet de fibra r\u00e1pida para Circle City y Morristown, Arizona. Sin l\u00edmite de datos, servicio resistente a la intemperie. ISP local con m\u00e1s de 20 a\u00f1os de experiencia.","robots":{"index":"index","follow":"follow","max-snippet":"max-snippet:-1","max-image-preview":"max-image-preview:large","max-video-preview":"max-video-preview:-1"},"canonical":"https:\/\/www.circlecityinternet.com\/es\/","og_locale":"es_MX","og_type":"article","og_title":"Circle City Internet | Fiber Internet Arizona","og_description":"Fast fiber internet for Circle City & Morristown, Arizona. No data caps, weather-resistant service. Local ISP with 20+ years experience.","og_url":"https:\/\/www.circlecityinternet.com\/es\/","og_site_name":"CIRCLE CITY INTERNET","article_publisher":"https:\/\/facebook.com\/circlecityinternet","article_modified_time":"2025-08-30T03:14:39+00:00","twitter_card":"summary_large_image","twitter_misc":{"Tiempo de lectura":"1 minuto"},"schema":{"@context":"https:\/\/schema.org","@graph":[{"@type":"WebPage","@id":"https:\/\/www.circlecityinternet.com\/","url":"https:\/\/www.circlecityinternet.com\/","name":"Circle City Internet | Internet de Fibra Arizona","isPartOf":{"@id":"https:\/\/www.circlecityinternet.com\/#website"},"datePublished":"2023-11-14T16:08:04+00:00","dateModified":"2025-08-30T03:14:39+00:00","description":"Internet de fibra r\u00e1pida para Circle City y Morristown, Arizona. Sin l\u00edmite de datos, servicio resistente a la intemperie. ISP local con m\u00e1s de 20 a\u00f1os de experiencia.","breadcrumb":{"@id":"https:\/\/www.circlecityinternet.com\/#breadcrumb"},"inLanguage":"es","potentialAction":[{"@type":"ReadAction","target":["https:\/\/www.circlecityinternet.com\/"]}]},{"@type":"BreadcrumbList","@id":"https:\/\/www.circlecityinternet.com\/#breadcrumb","itemListElement":[{"@type":"ListItem","position":1,"name":"Home","item":"https:\/\/www.circlecityinternet.com\/"},{"@type":"ListItem","position":2,"name":"Home"}]},{"@type":"WebSite","@id":"https:\/\/www.circlecityinternet.com\/#website","url":"https:\/\/www.circlecityinternet.com\/","name":"Internet Circle City","description":"Internet de fibra fiable para zonas rurales de Arizona","publisher":{"@id":"https:\/\/www.circlecityinternet.com\/#organization"},"potentialAction":[{"@type":"SearchAction","target":{"@type":"EntryPoint","urlTemplate":"https:\/\/www.circlecityinternet.com\/?s={search_term_string}"},"query-input":{"@type":"PropertyValueSpecification","valueRequired":true,"valueName":"search_term_string"}}],"inLanguage":"es"},{"@type":"Organization","@id":"https:\/\/www.circlecityinternet.com\/#organization","name":"Internet Circle City","url":"https:\/\/www.circlecityinternet.com\/","logo":{"@type":"ImageObject","inLanguage":"es","@id":"https:\/\/www.circlecityinternet.com\/#\/schema\/logo\/image\/","url":"https:\/\/www.circlecityinternet.com\/wp23\/wp-content\/uploads\/2025\/08\/Logo-bizcards-centered_filled.png","contentUrl":"https:\/\/www.circlecityinternet.com\/wp23\/wp-content\/uploads\/2025\/08\/Logo-bizcards-centered_filled.png","width":801,"height":796,"caption":"Circle City Internet"},"image":{"@id":"https:\/\/www.circlecityinternet.com\/#\/schema\/logo\/image\/"},"sameAs":["https:\/\/facebook.com\/circlecityinternet"]}]}},"_links":{"self":[{"href":"https:\/\/www.circlecityinternet.com\/es\/wp-json\/wp\/v2\/pages\/45","targetHints":{"allow":["GET"]}}],"collection":[{"href":"https:\/\/www.circlecityinternet.com\/es\/wp-json\/wp\/v2\/pages"}],"about":[{"href":"https:\/\/www.circlecityinternet.com\/es\/wp-json\/wp\/v2\/types\/page"}],"author":[{"embeddable":true,"href":"https:\/\/www.circlecityinternet.com\/es\/wp-json\/wp\/v2\/users\/1"}],"replies":[{"embeddable":true,"href":"https:\/\/www.circlecityinternet.com\/es\/wp-json\/wp\/v2\/comments?post=45"}],"version-history":[{"count":79,"href":"https:\/\/www.circlecityinternet.com\/es\/wp-json\/wp\/v2\/pages\/45\/revisions"}],"predecessor-version":[{"id":635,"href":"https:\/\/www.circlecityinternet.com\/es\/wp-json\/wp\/v2\/pages\/45\/revisions\/635"}],"wp:attachment":[{"href":"https:\/\/www.circlecityinternet.com\/es\/wp-json\/wp\/v2\/media?parent=45"}],"curies":[{"name":"wp","href":"https:\/\/api.w.org\/{rel}","templated":true}]}}