{"id":3,"date":"2023-11-14T15:45:28","date_gmt":"2023-11-14T15:45:28","guid":{"rendered":"https:\/\/www.circlecityinternet.com\/wp23\/?page_id=3"},"modified":"2024-01-11T22:47:47","modified_gmt":"2024-01-11T22:47:47","slug":"privacy-policy","status":"publish","type":"page","link":"https:\/\/www.circlecityinternet.com\/ro\/privacy-policy\/","title":{"rendered":"Politica de confiden\u021bialitate"},"content":{"rendered":"<div data-elementor-type=\"wp-page\" data-elementor-id=\"3\" class=\"elementor elementor-3\" data-elementor-post-type=\"page\">\n\t\t\t\t<div class=\"elementor-element elementor-element-85cb7c9 e-flex e-con-boxed e-con e-parent\" data-id=\"85cb7c9\" data-element_type=\"container\" data-e-type=\"container\">\n\t\t\t\t\t<div class=\"e-con-inner\">\n\t\t<div class=\"elementor-element elementor-element-836cd00 e-con-full e-flex e-con e-child\" data-id=\"836cd00\" data-element_type=\"container\" data-e-type=\"container\">\n\t\t<div class=\"elementor-element elementor-element-a335e45 e-con-full e-flex e-con e-child\" data-id=\"a335e45\" data-element_type=\"container\" data-e-type=\"container\" data-settings=\"{&quot;background_background&quot;:&quot;classic&quot;}\">\n\t\t\t\t<\/div>\n\t\t<div class=\"elementor-element elementor-element-08957a5 e-con-full e-flex e-con e-child\" data-id=\"08957a5\" data-element_type=\"container\" data-e-type=\"container\">\n\t\t\t\t<div class=\"elementor-element elementor-element-8d7a1a8 elementor-widget elementor-widget-heading\" data-id=\"8d7a1a8\" data-element_type=\"widget\" data-e-type=\"widget\" data-widget_type=\"heading.default\">\n\t\t\t\t<div class=\"elementor-widget-container\">\n\t\t\t\t\t<h1 class=\"elementor-heading-title elementor-size-default\">Politica noastr\u0103\nPolitica de confiden\u021bialitate<\/h1>\t\t\t\t<\/div>\n\t\t\t\t<\/div>\n\t\t\t\t<div class=\"elementor-element elementor-element-690a8a8 elementor-widget elementor-widget-text-editor\" data-id=\"690a8a8\" data-element_type=\"widget\" data-e-type=\"widget\" data-widget_type=\"text-editor.default\">\n\t\t\t\t<div class=\"elementor-widget-container\">\n\t\t\t\t\t\t\t\t\t<h2>1. Introducere<\/h2>\n<p>Noi, cei de la Circle City Internet, v\u0103 respect\u0103m dreptul la confiden\u021bialitate \u0219i ne conform\u0103m obliga\u021biilor care ne revin \u00een temeiul Legilor privind protec\u021bia datelor din 1988 \u0219i 2002. Scopul acestei Politici de confiden\u021bialitate a site-ului web este de a prezenta modul \u00een care trat\u0103m orice date cu caracter personal pe care ni le furniza\u021bi \u00een timp ce vizita\u021bi acest site web, sisteme \u0219i aplica\u021bii (*.circlecityinternet.com) . Bine\u00een\u021beles, dac\u0103 nu sunte\u021bi mul\u021bumit de aceast\u0103 Politic\u0103 de confiden\u021bialitate a site-ului web, nu trebuie s\u0103 utiliza\u021bi acest site web.<\/p>\n<p>Prin vizitarea acestui site, accepta\u021bi termenii prezentei politici de confiden\u021bialitate a site-ului. Orice linkuri externe c\u0103tre alte site-uri web sunt clar identificabile ca atare, iar noi nu suntem responsabili pentru con\u021binutul sau politicile de confiden\u021bialitate ale acestor alte site-uri web.<br><br><\/p>\n<h2>2. Tipuri de informa\u021bii colectate<\/h2>\n<p>P\u0103str\u0103m dou\u0103 tipuri de informa\u021bii:<\/p>\n<h3>a. Date cu caracter personal<\/h3>\n<p>Acestea sunt date care v\u0103 identific\u0103 sau pot fi utilizate pentru a v\u0103 identifica sau contacta \u0219i pot include numele, adresa, adresa de e-mail, num\u0103rul de telefon \u0219i informa\u021biile de facturare. Astfel de informa\u021bii sunt colectate de la dvs. numai dac\u0103 ni le furniza\u021bi \u00een mod voluntar.<\/p>\n<h3>b. Date nepersonale<\/h3>\n<p>La fel ca majoritatea site-urilor web, colect\u0103m informa\u021bii statistice \u0219i alte informa\u021bii analitice colectate pe o baz\u0103 agregat\u0103 a tuturor vizitatorilor site-ului nostru web. Aceste date nepersonale cuprind informa\u021bii care nu pot fi utilizate pentru a v\u0103 identifica sau contacta, cum ar fi informa\u021bii demografice privind, de exemplu, adresele IP ale utilizatorilor, \u00een cazul \u00een care acestea au fost decupate sau anonimizate, tipurile de browser \u0219i alte date statistice anonime care implic\u0103 utilizarea site-ului nostru.<br><br><\/p>\n<h2>3. Scopurile pentru care de\u021binem informa\u021biile dumneavoastr\u0103<\/h2>\n<p>Utiliz\u0103m datele nepersonale colectate de la vizitatorii site-ului nostru \u00eentr-o form\u0103 agregat\u0103 pentru a \u00een\u021belege mai bine de unde vin vizitatorii no\u0219tri \u0219i pentru a ne ajuta s\u0103 proiect\u0103m \u0219i s\u0103 organiz\u0103m mai bine site-ul nostru.<\/p>\n<p>Vom prelucra orice date cu caracter personal pe care ni le furniza\u021bi \u00een urm\u0103toarele scopuri:<\/p>\n<ul>\n<li>pentru a v\u0103 furniza bunurile sau serviciile pe care le-a\u021bi comandat<\/li>\n<li>pentru a v\u0103 contacta, dac\u0103 este necesar, \u00een leg\u0103tur\u0103 cu comanda dumneavoastr\u0103 sau pentru a r\u0103spunde la orice comunic\u0103ri pe care ni le-a\u021bi putea trimite<\/li>\n<li>pentru a v\u0103 \u021bine la curent cu actualiz\u0103rile serviciilor noastre<br><br><\/li>\n<\/ul>\n<h2>4. Divulgarea informa\u021biilor c\u0103tre ter\u021bi<\/h2>\n<p>Putem furniza date nepersonale ter\u021bilor, \u00een cazul \u00een care aceste informa\u021bii sunt combinate cu informa\u021bii similare ale altor utilizatori ai site-ului nostru web. De exemplu, am putea informa ter\u021be p\u0103r\u021bi cu privire la num\u0103rul de utilizatori unici care viziteaz\u0103 site-ul nostru web, la defalcarea demografic\u0103 a utilizatorilor comunit\u0103\u021bii noastre de pe site-ul nostru web sau la activit\u0103\u021bile pe care vizitatorii site-ului nostru web le desf\u0103\u0219oar\u0103 \u00een timp ce se afl\u0103 pe site-ul nostru web. Ter\u021bele p\u0103r\u021bi c\u0103rora le putem furniza aceste informa\u021bii pot include parteneri comerciali, sponsori, licen\u021bia\u021bi, cercet\u0103tori \u0219i alte p\u0103r\u021bi similare. nu vom dezv\u0103lui datele dvs. cu caracter personal ter\u021belor p\u0103r\u021bi dec\u00e2t dac\u0103 a\u021bi consim\u021bit la aceast\u0103 dezv\u0103luire sau dac\u0103 ter\u021ba parte este obligat\u0103 s\u0103 \u00eendeplineasc\u0103 comanda dvs. (\u00een astfel de circumstan\u021be, ter\u021ba parte este obligat\u0103 s\u0103 respecte cerin\u021be similare de protec\u021bie a datelor). Vom dezv\u0103lui datele dumneavoastr\u0103 cu caracter personal dac\u0103 credem cu bun\u0103 credin\u021b\u0103 c\u0103 suntem obliga\u021bi s\u0103 le dezv\u0103luim pentru a respecta orice lege aplicabil\u0103, o cita\u021bie, un mandat de perchezi\u021bie, un ordin judec\u0103toresc sau de reglementare sau o alt\u0103 cerin\u021b\u0103 legal\u0103.<br><br><\/p>\n<h2>5. V\u00e2nzarea de \u00eentreprinderi<\/h2>\n<p>Ne rezerv\u0103m dreptul de a transfera informa\u021bii (inclusiv datele dumneavoastr\u0103 cu caracter personal) c\u0103tre o ter\u021b\u0103 parte \u00een cazul unei v\u00e2nz\u0103ri, fuziuni, lichid\u0103ri, lichid\u0103ri judiciare sau transfer al tuturor sau substan\u021bial tuturor activelor companiei noastre, cu condi\u021bia ca ter\u021ba parte s\u0103 fie de acord s\u0103 adere la termenii Politicii de confiden\u021bialitate a site-ului web \u0219i cu condi\u021bia ca ter\u021ba parte s\u0103 utilizeze datele dumneavoastr\u0103 cu caracter personal numai \u00een scopurile \u00een care ni le-a\u021bi furnizat. Ve\u021bi fi notificat \u00een cazul unui astfel de transfer \u0219i vi se va oferi posibilitatea de a v\u0103 retrage.<br><br><\/p>\n<h2>6. Securitate<\/h2>\n<p>Datele dumneavoastr\u0103 cu caracter personal sunt p\u0103strate pe servere securizate g\u0103zduite de noi. Natura internetului este de a\u0219a natur\u0103 \u00eenc\u00e2t nu putem garanta securitatea informa\u021biilor pe care ni le transmite\u021bi prin intermediul internetului. Nu se poate garanta c\u0103 nicio transmisie de date pe internet este sigur\u0103 100%. Cu toate acestea, vom lua toate m\u0103surile rezonabile (inclusiv m\u0103surile tehnice \u0219i organiza\u021bionale adecvate) pentru a v\u0103 proteja datele cu caracter personal.<br><br><\/p>\n<h2>7. Actualizarea, verificarea \u0219i \u0219tergerea datelor cu caracter personal<\/h2>\n<p>Ne pute\u021bi informa cu privire la orice modific\u0103ri ale datelor dumneavoastr\u0103 cu caracter personal \u0219i, \u00een conformitate cu obliga\u021biile care ne revin \u00een temeiul Legilor privind protec\u021bia datelor, vom actualiza sau \u0219terge datele dumneavoastr\u0103 cu caracter personal \u00een consecin\u021b\u0103. Pentru a afla ce date cu caracter personal de\u021binem despre dumneavoastr\u0103 sau pentru a v\u0103 actualiza, modifica sau \u0219terge datele cu caracter personal din baza noastr\u0103 de date, v\u0103 rug\u0103m s\u0103 ne trimite\u021bi un e-mail la help@remarkablewifi.com. Orice astfel de cereri ale persoanelor vizate pot face obiectul taxei prev\u0103zute.<br><br><\/p>\n<h2>8. Modific\u0103ri ale politicii de confiden\u021bialitate a site-ului<\/h2>\n<p>Orice modificare a prezentei Politici de confiden\u021bialitate a site-ului web va fi postat\u0103 pe acest site web, astfel \u00eenc\u00e2t s\u0103 \u0219ti\u021bi \u00eentotdeauna ce informa\u021bii colect\u0103m, cum le folosim \u0219i \u00een ce circumstan\u021be, dac\u0103 este cazul, le dezv\u0103luim. \u00cen cazul \u00een care, \u00een orice moment, decidem s\u0103 utiliz\u0103m datele cu caracter personal \u00eentr-un mod semnificativ diferit de cel prev\u0103zut \u00een prezenta Politic\u0103 de confiden\u021bialitate a site-ului web sau care v-a fost dezv\u0103luit \u00een alt mod \u00een momentul \u00een care au fost colectate, v\u0103 vom notifica prin e-mail \u0219i ve\u021bi avea posibilitatea de a alege dac\u0103 vom utiliza sau nu informa\u021biile dvs. \u00een noul mod.<\/p>\t\t\t\t\t\t\t\t<\/div>\n\t\t\t\t<\/div>\n\t\t\t\t<\/div>\n\t\t\t\t<\/div>\n\t\t\t\t\t<\/div>\n\t\t\t\t<\/div>\n\t\t<div class=\"elementor-element elementor-element-6c4887b e-flex e-con-boxed e-con e-parent\" data-id=\"6c4887b\" data-element_type=\"container\" data-e-type=\"container\">\n\t\t\t\t\t<div class=\"e-con-inner\">\n\t\t\t\t\t<\/div>\n\t\t\t\t<\/div>\n\t\t\t\t<\/div>","protected":false},"excerpt":{"rendered":"<p>Our Privacy Policy 1. Introduction We at Circle City Internet respect your right to privacy and comply with our obligations under the Data Protection Acts 1988 and 2002. The purpose of this Website Privacy Policy is to outline how we deal with any personal data you provide to us while visiting this website, systems and [&hellip;]<\/p>\n","protected":false},"author":1,"featured_media":0,"parent":0,"menu_order":0,"comment_status":"closed","ping_status":"open","template":"","meta":{"footnotes":""},"class_list":["post-3","page","type-page","status-publish","hentry"],"yoast_head":"<!-- This site is optimized with the Yoast SEO plugin v27.4 - https:\/\/yoast.com\/product\/yoast-seo-wordpress\/ -->\n<title>Privacy Policy | CIRCLE CITY INTERNET<\/title>\n<meta name=\"description\" content=\"Our Privacy Policy 1. Introduction We at Circle City Internet respect your right to privacy and comply with our obligations under the Data Protection Acts\" \/>\n<meta name=\"robots\" content=\"index, follow, max-snippet:-1, max-image-preview:large, max-video-preview:-1\" \/>\n<link rel=\"canonical\" href=\"https:\/\/www.circlecityinternet.com\/ro\/privacy-policy\/\" \/>\n<meta property=\"og:locale\" content=\"ro_RO\" \/>\n<meta property=\"og:type\" content=\"article\" \/>\n<meta property=\"og:title\" content=\"Privacy Policy | CIRCLE CITY INTERNET\" \/>\n<meta property=\"og:description\" content=\"Our Privacy Policy 1. Introduction We at Circle City Internet respect your right to privacy and comply with our obligations under the Data Protection Acts\" \/>\n<meta property=\"og:url\" content=\"https:\/\/www.circlecityinternet.com\/ro\/privacy-policy\/\" \/>\n<meta property=\"og:site_name\" content=\"CIRCLE CITY INTERNET\" \/>\n<meta property=\"article:publisher\" content=\"https:\/\/facebook.com\/circlecityinternet\" \/>\n<meta property=\"article:modified_time\" content=\"2024-01-11T22:47:47+00:00\" \/>\n<meta name=\"twitter:card\" content=\"summary_large_image\" \/>\n<meta name=\"twitter:label1\" content=\"Timp estimat pentru citire\" \/>\n\t<meta name=\"twitter:data1\" content=\"4 minute\" \/>\n<script type=\"application\/ld+json\" class=\"yoast-schema-graph\">{\"@context\":\"https:\\\/\\\/schema.org\",\"@graph\":[{\"@type\":\"WebPage\",\"@id\":\"https:\\\/\\\/www.circlecityinternet.com\\\/tl\\\/privacy-policy\\\/\",\"url\":\"https:\\\/\\\/www.circlecityinternet.com\\\/tl\\\/privacy-policy\\\/\",\"name\":\"Privacy Policy | CIRCLE CITY INTERNET\",\"isPartOf\":{\"@id\":\"https:\\\/\\\/www.circlecityinternet.com\\\/#website\"},\"datePublished\":\"2023-11-14T15:45:28+00:00\",\"dateModified\":\"2024-01-11T22:47:47+00:00\",\"description\":\"Our Privacy Policy 1. Introduction We at Circle City Internet respect your right to privacy and comply with our obligations under the Data Protection Acts\",\"breadcrumb\":{\"@id\":\"https:\\\/\\\/www.circlecityinternet.com\\\/tl\\\/privacy-policy\\\/#breadcrumb\"},\"inLanguage\":\"ro-RO\",\"potentialAction\":[{\"@type\":\"ReadAction\",\"target\":[\"https:\\\/\\\/www.circlecityinternet.com\\\/tl\\\/privacy-policy\\\/\"]}]},{\"@type\":\"BreadcrumbList\",\"@id\":\"https:\\\/\\\/www.circlecityinternet.com\\\/tl\\\/privacy-policy\\\/#breadcrumb\",\"itemListElement\":[{\"@type\":\"ListItem\",\"position\":1,\"name\":\"Home\",\"item\":\"https:\\\/\\\/www.circlecityinternet.com\\\/\"},{\"@type\":\"ListItem\",\"position\":2,\"name\":\"Privacy Policy\"}]},{\"@type\":\"WebSite\",\"@id\":\"https:\\\/\\\/www.circlecityinternet.com\\\/#website\",\"url\":\"https:\\\/\\\/www.circlecityinternet.com\\\/\",\"name\":\"Circle City Internet\",\"description\":\"Reliable Fiber Internet for Rural Arizona\",\"publisher\":{\"@id\":\"https:\\\/\\\/www.circlecityinternet.com\\\/#organization\"},\"potentialAction\":[{\"@type\":\"SearchAction\",\"target\":{\"@type\":\"EntryPoint\",\"urlTemplate\":\"https:\\\/\\\/www.circlecityinternet.com\\\/?s={search_term_string}\"},\"query-input\":{\"@type\":\"PropertyValueSpecification\",\"valueRequired\":true,\"valueName\":\"search_term_string\"}}],\"inLanguage\":\"ro-RO\"},{\"@type\":\"Organization\",\"@id\":\"https:\\\/\\\/www.circlecityinternet.com\\\/#organization\",\"name\":\"Circle City Internet\",\"url\":\"https:\\\/\\\/www.circlecityinternet.com\\\/\",\"logo\":{\"@type\":\"ImageObject\",\"inLanguage\":\"ro-RO\",\"@id\":\"https:\\\/\\\/www.circlecityinternet.com\\\/#\\\/schema\\\/logo\\\/image\\\/\",\"url\":\"https:\\\/\\\/www.circlecityinternet.com\\\/wp23\\\/wp-content\\\/uploads\\\/2025\\\/08\\\/Logo-bizcards-centered_filled.png\",\"contentUrl\":\"https:\\\/\\\/www.circlecityinternet.com\\\/wp23\\\/wp-content\\\/uploads\\\/2025\\\/08\\\/Logo-bizcards-centered_filled.png\",\"width\":801,\"height\":796,\"caption\":\"Circle City Internet\"},\"image\":{\"@id\":\"https:\\\/\\\/www.circlecityinternet.com\\\/#\\\/schema\\\/logo\\\/image\\\/\"},\"sameAs\":[\"https:\\\/\\\/facebook.com\\\/circlecityinternet\"]}]}<\/script>\n<!-- \/ Yoast SEO plugin. -->","yoast_head_json":{"title":"Politica de confiden\u021bialitate | CIRCLE CITY INTERNET","description":"Politica noastr\u0103 de confiden\u021bialitate 1. Introducere Noi, cei de la Circle City Internet, v\u0103 respect\u0103m dreptul la confiden\u021bialitate \u0219i ne conform\u0103m obliga\u021biilor care ne revin \u00een temeiul Legilor privind protec\u021bia datelor","robots":{"index":"index","follow":"follow","max-snippet":"max-snippet:-1","max-image-preview":"max-image-preview:large","max-video-preview":"max-video-preview:-1"},"canonical":"https:\/\/www.circlecityinternet.com\/ro\/privacy-policy\/","og_locale":"ro_RO","og_type":"article","og_title":"Privacy Policy | CIRCLE CITY INTERNET","og_description":"Our Privacy Policy 1. Introduction We at Circle City Internet respect your right to privacy and comply with our obligations under the Data Protection Acts","og_url":"https:\/\/www.circlecityinternet.com\/ro\/privacy-policy\/","og_site_name":"CIRCLE CITY INTERNET","article_publisher":"https:\/\/facebook.com\/circlecityinternet","article_modified_time":"2024-01-11T22:47:47+00:00","twitter_card":"summary_large_image","twitter_misc":{"Timp estimat pentru citire":"4 minute"},"schema":{"@context":"https:\/\/schema.org","@graph":[{"@type":"WebPage","@id":"https:\/\/www.circlecityinternet.com\/tl\/privacy-policy\/","url":"https:\/\/www.circlecityinternet.com\/tl\/privacy-policy\/","name":"Politica de confiden\u021bialitate | CIRCLE CITY INTERNET","isPartOf":{"@id":"https:\/\/www.circlecityinternet.com\/#website"},"datePublished":"2023-11-14T15:45:28+00:00","dateModified":"2024-01-11T22:47:47+00:00","description":"Politica noastr\u0103 de confiden\u021bialitate 1. Introducere Noi, cei de la Circle City Internet, v\u0103 respect\u0103m dreptul la confiden\u021bialitate \u0219i ne conform\u0103m obliga\u021biilor care ne revin \u00een temeiul Legilor privind protec\u021bia datelor","breadcrumb":{"@id":"https:\/\/www.circlecityinternet.com\/tl\/privacy-policy\/#breadcrumb"},"inLanguage":"ro-RO","potentialAction":[{"@type":"ReadAction","target":["https:\/\/www.circlecityinternet.com\/tl\/privacy-policy\/"]}]},{"@type":"BreadcrumbList","@id":"https:\/\/www.circlecityinternet.com\/tl\/privacy-policy\/#breadcrumb","itemListElement":[{"@type":"ListItem","position":1,"name":"Home","item":"https:\/\/www.circlecityinternet.com\/"},{"@type":"ListItem","position":2,"name":"Privacy Policy"}]},{"@type":"WebSite","@id":"https:\/\/www.circlecityinternet.com\/#website","url":"https:\/\/www.circlecityinternet.com\/","name":"Circle City Internet","description":"Fiabil Fiber Internet pentru Arizona rural","publisher":{"@id":"https:\/\/www.circlecityinternet.com\/#organization"},"potentialAction":[{"@type":"SearchAction","target":{"@type":"EntryPoint","urlTemplate":"https:\/\/www.circlecityinternet.com\/?s={search_term_string}"},"query-input":{"@type":"PropertyValueSpecification","valueRequired":true,"valueName":"search_term_string"}}],"inLanguage":"ro-RO"},{"@type":"Organization","@id":"https:\/\/www.circlecityinternet.com\/#organization","name":"Circle City Internet","url":"https:\/\/www.circlecityinternet.com\/","logo":{"@type":"ImageObject","inLanguage":"ro-RO","@id":"https:\/\/www.circlecityinternet.com\/#\/schema\/logo\/image\/","url":"https:\/\/www.circlecityinternet.com\/wp23\/wp-content\/uploads\/2025\/08\/Logo-bizcards-centered_filled.png","contentUrl":"https:\/\/www.circlecityinternet.com\/wp23\/wp-content\/uploads\/2025\/08\/Logo-bizcards-centered_filled.png","width":801,"height":796,"caption":"Circle City Internet"},"image":{"@id":"https:\/\/www.circlecityinternet.com\/#\/schema\/logo\/image\/"},"sameAs":["https:\/\/facebook.com\/circlecityinternet"]}]}},"_links":{"self":[{"href":"https:\/\/www.circlecityinternet.com\/ro\/wp-json\/wp\/v2\/pages\/3","targetHints":{"allow":["GET"]}}],"collection":[{"href":"https:\/\/www.circlecityinternet.com\/ro\/wp-json\/wp\/v2\/pages"}],"about":[{"href":"https:\/\/www.circlecityinternet.com\/ro\/wp-json\/wp\/v2\/types\/page"}],"author":[{"embeddable":true,"href":"https:\/\/www.circlecityinternet.com\/ro\/wp-json\/wp\/v2\/users\/1"}],"replies":[{"embeddable":true,"href":"https:\/\/www.circlecityinternet.com\/ro\/wp-json\/wp\/v2\/comments?post=3"}],"version-history":[{"count":9,"href":"https:\/\/www.circlecityinternet.com\/ro\/wp-json\/wp\/v2\/pages\/3\/revisions"}],"predecessor-version":[{"id":237,"href":"https:\/\/www.circlecityinternet.com\/ro\/wp-json\/wp\/v2\/pages\/3\/revisions\/237"}],"wp:attachment":[{"href":"https:\/\/www.circlecityinternet.com\/ro\/wp-json\/wp\/v2\/media?parent=3"}],"curies":[{"name":"wp","href":"https:\/\/api.w.org\/{rel}","templated":true}]}}