{"id":41,"date":"2023-11-14T16:08:03","date_gmt":"2023-11-14T16:08:03","guid":{"rendered":"https:\/\/www.circlecityinternet.com\/wp23\/our-story\/"},"modified":"2025-08-30T02:54:13","modified_gmt":"2025-08-30T02:54:13","slug":"our-story","status":"publish","type":"page","link":"https:\/\/www.circlecityinternet.com\/ro\/our-story\/","title":{"rendered":"Povestea noastr\u0103"},"content":{"rendered":"<div data-elementor-type=\"wp-page\" data-elementor-id=\"41\" class=\"elementor elementor-41\" data-elementor-post-type=\"page\">\n\t\t\t\t<div class=\"elementor-element elementor-element-47a8853c e-con-full e-flex e-con e-parent\" data-id=\"47a8853c\" data-element_type=\"container\" data-e-type=\"container\">\n\t\t<div class=\"elementor-element elementor-element-17565af1 e-con-full e-flex e-con e-child\" data-id=\"17565af1\" data-element_type=\"container\" data-e-type=\"container\" data-settings=\"{&quot;background_background&quot;:&quot;classic&quot;}\">\n\t\t\t\t<\/div>\n\t\t<div class=\"elementor-element elementor-element-8734fb e-con-full e-flex e-con e-child\" data-id=\"8734fb\" data-element_type=\"container\" data-e-type=\"container\">\n\t\t\t\t<div class=\"elementor-element elementor-element-12836e92 elementor-widget elementor-widget-heading\" data-id=\"12836e92\" data-element_type=\"widget\" data-e-type=\"widget\" data-widget_type=\"heading.default\">\n\t\t\t\t<div class=\"elementor-widget-container\">\n\t\t\t\t\t<h6 class=\"elementor-heading-title elementor-size-default\">O scurt\u0103 istorie<\/h6>\t\t\t\t<\/div>\n\t\t\t\t<\/div>\n\t\t\t\t<div class=\"elementor-element elementor-element-3fd0410 elementor-widget elementor-widget-heading\" data-id=\"3fd0410\" data-element_type=\"widget\" data-e-type=\"widget\" data-widget_type=\"heading.default\">\n\t\t\t\t<div class=\"elementor-widget-container\">\n\t\t\t\t\t<h1 class=\"elementor-heading-title elementor-size-default\">Povestea noastr\u0103<\/h1>\t\t\t\t<\/div>\n\t\t\t\t<\/div>\n\t\t\t\t<div class=\"elementor-element elementor-element-662ba29b elementor-invisible elementor-widget elementor-widget-text-editor\" data-id=\"662ba29b\" data-element_type=\"widget\" data-e-type=\"widget\" data-settings=\"{&quot;_animation&quot;:&quot;fadeIn&quot;,&quot;_animation_delay&quot;:400}\" data-widget_type=\"text-editor.default\">\n\t\t\t\t<div class=\"elementor-widget-container\">\n\t\t\t\t\t\t\t\t\t<p>Noi suntem vecinul t\u0103u. Locuim chiar aici, \u00een Circle City. Ne place mica noastr\u0103 comunitate \u0219i faptul c\u0103 suntem \u00een afara ora\u0219ului aglomerat, unde copiii no\u0219tri se pot bucura de aer liber \u0219i chiar pot vedea stelele noaptea.  Dar faptul c\u0103 tr\u0103im \u00een mediul rural din Arizona nu \u00eenseamn\u0103 c\u0103 nu merit\u0103m facilit\u0103\u021bile pe care le ofer\u0103 via\u021ba la ora\u0219 - \u0219i anume internet rapid \u0219i de \u00eencredere.\u00a0<\/p><p>Fondatorul nostru are o experien\u021b\u0103 de 20 de ani \u00een domeniul tehnologiei, inclusiv, dar f\u0103r\u0103 a se limita la proiectarea de re\u021bele, fibr\u0103 optic\u0103 \u0219i wireless. Folosindu-ne de aceste competen\u021be, ne-am propus s\u0103 conect\u0103m comunitatea noastr\u0103 rural\u0103 la internetul de care vor beneficia p\u0103rin\u021bii care lucreaz\u0103 acas\u0103, studen\u021bii, juc\u0103torii sau bunicii care doresc s\u0103 aib\u0103 un apel video de calitate cu nepo\u021bii lor.\u00a0<\/p>\t\t\t\t\t\t\t\t<\/div>\n\t\t\t\t<\/div>\n\t\t\t\t<\/div>\n\t\t\t\t<\/div>\n\t\t\t\t<\/div>","protected":false},"excerpt":{"rendered":"<p>A Brief History Our Story We are your neighbor. We live right here in Circle City. We love our little community and being out of the busy city, where our kids can enjoy the outdoors and actually see the stars at night.\u00a0 But living in rural Arizona doesn&#8217;t mean we don&#8217;t deserve the amenities that [&hellip;]<\/p>\n","protected":false},"author":1,"featured_media":0,"parent":0,"menu_order":0,"comment_status":"closed","ping_status":"closed","template":"elementor_header_footer","meta":{"footnotes":""},"class_list":["post-41","page","type-page","status-publish","hentry"],"yoast_head":"<!-- This site is optimized with the Yoast SEO plugin v27.4 - https:\/\/yoast.com\/product\/yoast-seo-wordpress\/ -->\n<title>About Circle City Internet | Local Arizona ISP<\/title>\n<meta name=\"description\" content=\"Meet your neighbors at Circle City Internet. Local Arizona internet provider with 20+ years tech experience serving rural communities.\" \/>\n<meta name=\"robots\" content=\"index, follow, max-snippet:-1, max-image-preview:large, max-video-preview:-1\" \/>\n<link rel=\"canonical\" href=\"https:\/\/www.circlecityinternet.com\/ro\/our-story\/\" \/>\n<meta property=\"og:locale\" content=\"ro_RO\" \/>\n<meta property=\"og:type\" content=\"article\" \/>\n<meta property=\"og:title\" content=\"About Circle City Internet | Local Arizona ISP\" \/>\n<meta property=\"og:description\" content=\"Meet your neighbors at Circle City Internet. Local Arizona internet provider with 20+ years tech experience serving rural communities.\" \/>\n<meta property=\"og:url\" content=\"https:\/\/www.circlecityinternet.com\/ro\/our-story\/\" \/>\n<meta property=\"og:site_name\" content=\"CIRCLE CITY INTERNET\" \/>\n<meta property=\"article:publisher\" content=\"https:\/\/facebook.com\/circlecityinternet\" \/>\n<meta property=\"article:modified_time\" content=\"2025-08-30T02:54:13+00:00\" \/>\n<meta name=\"twitter:card\" content=\"summary_large_image\" \/>\n<meta name=\"twitter:label1\" content=\"Timp estimat pentru citire\" \/>\n\t<meta name=\"twitter:data1\" content=\"1 minut\" \/>\n<script type=\"application\/ld+json\" class=\"yoast-schema-graph\">{\"@context\":\"https:\\\/\\\/schema.org\",\"@graph\":[{\"@type\":\"WebPage\",\"@id\":\"https:\\\/\\\/www.circlecityinternet.com\\\/our-story\\\/\",\"url\":\"https:\\\/\\\/www.circlecityinternet.com\\\/our-story\\\/\",\"name\":\"About Circle City Internet | Local Arizona ISP\",\"isPartOf\":{\"@id\":\"https:\\\/\\\/www.circlecityinternet.com\\\/#website\"},\"datePublished\":\"2023-11-14T16:08:03+00:00\",\"dateModified\":\"2025-08-30T02:54:13+00:00\",\"description\":\"Meet your neighbors at Circle City Internet. Local Arizona internet provider with 20+ years tech experience serving rural communities.\",\"breadcrumb\":{\"@id\":\"https:\\\/\\\/www.circlecityinternet.com\\\/our-story\\\/#breadcrumb\"},\"inLanguage\":\"ro-RO\",\"potentialAction\":[{\"@type\":\"ReadAction\",\"target\":[\"https:\\\/\\\/www.circlecityinternet.com\\\/our-story\\\/\"]}]},{\"@type\":\"BreadcrumbList\",\"@id\":\"https:\\\/\\\/www.circlecityinternet.com\\\/our-story\\\/#breadcrumb\",\"itemListElement\":[{\"@type\":\"ListItem\",\"position\":1,\"name\":\"Home\",\"item\":\"https:\\\/\\\/www.circlecityinternet.com\\\/\"},{\"@type\":\"ListItem\",\"position\":2,\"name\":\"Our Story\"}]},{\"@type\":\"WebSite\",\"@id\":\"https:\\\/\\\/www.circlecityinternet.com\\\/#website\",\"url\":\"https:\\\/\\\/www.circlecityinternet.com\\\/\",\"name\":\"Circle City Internet\",\"description\":\"Reliable Fiber Internet for Rural Arizona\",\"publisher\":{\"@id\":\"https:\\\/\\\/www.circlecityinternet.com\\\/#organization\"},\"potentialAction\":[{\"@type\":\"SearchAction\",\"target\":{\"@type\":\"EntryPoint\",\"urlTemplate\":\"https:\\\/\\\/www.circlecityinternet.com\\\/?s={search_term_string}\"},\"query-input\":{\"@type\":\"PropertyValueSpecification\",\"valueRequired\":true,\"valueName\":\"search_term_string\"}}],\"inLanguage\":\"ro-RO\"},{\"@type\":\"Organization\",\"@id\":\"https:\\\/\\\/www.circlecityinternet.com\\\/#organization\",\"name\":\"Circle City Internet\",\"url\":\"https:\\\/\\\/www.circlecityinternet.com\\\/\",\"logo\":{\"@type\":\"ImageObject\",\"inLanguage\":\"ro-RO\",\"@id\":\"https:\\\/\\\/www.circlecityinternet.com\\\/#\\\/schema\\\/logo\\\/image\\\/\",\"url\":\"https:\\\/\\\/www.circlecityinternet.com\\\/wp23\\\/wp-content\\\/uploads\\\/2025\\\/08\\\/Logo-bizcards-centered_filled.png\",\"contentUrl\":\"https:\\\/\\\/www.circlecityinternet.com\\\/wp23\\\/wp-content\\\/uploads\\\/2025\\\/08\\\/Logo-bizcards-centered_filled.png\",\"width\":801,\"height\":796,\"caption\":\"Circle City Internet\"},\"image\":{\"@id\":\"https:\\\/\\\/www.circlecityinternet.com\\\/#\\\/schema\\\/logo\\\/image\\\/\"},\"sameAs\":[\"https:\\\/\\\/facebook.com\\\/circlecityinternet\"]}]}<\/script>\n<!-- \/ Yoast SEO plugin. -->","yoast_head_json":{"title":"Despre Circle City Internet | ISP local din Arizona","description":"Face\u021bi cuno\u0219tin\u021b\u0103 cu vecinii dvs. la Circle City Internet. Furnizor local de internet din Arizona cu peste 20 de ani de experien\u021b\u0103 tehnic\u0103 \u00een serviciul comunit\u0103\u021bilor rurale.","robots":{"index":"index","follow":"follow","max-snippet":"max-snippet:-1","max-image-preview":"max-image-preview:large","max-video-preview":"max-video-preview:-1"},"canonical":"https:\/\/www.circlecityinternet.com\/ro\/our-story\/","og_locale":"ro_RO","og_type":"article","og_title":"About Circle City Internet | Local Arizona ISP","og_description":"Meet your neighbors at Circle City Internet. Local Arizona internet provider with 20+ years tech experience serving rural communities.","og_url":"https:\/\/www.circlecityinternet.com\/ro\/our-story\/","og_site_name":"CIRCLE CITY INTERNET","article_publisher":"https:\/\/facebook.com\/circlecityinternet","article_modified_time":"2025-08-30T02:54:13+00:00","twitter_card":"summary_large_image","twitter_misc":{"Timp estimat pentru citire":"1 minut"},"schema":{"@context":"https:\/\/schema.org","@graph":[{"@type":"WebPage","@id":"https:\/\/www.circlecityinternet.com\/our-story\/","url":"https:\/\/www.circlecityinternet.com\/our-story\/","name":"Despre Circle City Internet | ISP local din Arizona","isPartOf":{"@id":"https:\/\/www.circlecityinternet.com\/#website"},"datePublished":"2023-11-14T16:08:03+00:00","dateModified":"2025-08-30T02:54:13+00:00","description":"Face\u021bi cuno\u0219tin\u021b\u0103 cu vecinii dvs. la Circle City Internet. Furnizor local de internet din Arizona cu peste 20 de ani de experien\u021b\u0103 tehnic\u0103 \u00een serviciul comunit\u0103\u021bilor rurale.","breadcrumb":{"@id":"https:\/\/www.circlecityinternet.com\/our-story\/#breadcrumb"},"inLanguage":"ro-RO","potentialAction":[{"@type":"ReadAction","target":["https:\/\/www.circlecityinternet.com\/our-story\/"]}]},{"@type":"BreadcrumbList","@id":"https:\/\/www.circlecityinternet.com\/our-story\/#breadcrumb","itemListElement":[{"@type":"ListItem","position":1,"name":"Home","item":"https:\/\/www.circlecityinternet.com\/"},{"@type":"ListItem","position":2,"name":"Our Story"}]},{"@type":"WebSite","@id":"https:\/\/www.circlecityinternet.com\/#website","url":"https:\/\/www.circlecityinternet.com\/","name":"Circle City Internet","description":"Fiabil Fiber Internet pentru Arizona rural","publisher":{"@id":"https:\/\/www.circlecityinternet.com\/#organization"},"potentialAction":[{"@type":"SearchAction","target":{"@type":"EntryPoint","urlTemplate":"https:\/\/www.circlecityinternet.com\/?s={search_term_string}"},"query-input":{"@type":"PropertyValueSpecification","valueRequired":true,"valueName":"search_term_string"}}],"inLanguage":"ro-RO"},{"@type":"Organization","@id":"https:\/\/www.circlecityinternet.com\/#organization","name":"Circle City Internet","url":"https:\/\/www.circlecityinternet.com\/","logo":{"@type":"ImageObject","inLanguage":"ro-RO","@id":"https:\/\/www.circlecityinternet.com\/#\/schema\/logo\/image\/","url":"https:\/\/www.circlecityinternet.com\/wp23\/wp-content\/uploads\/2025\/08\/Logo-bizcards-centered_filled.png","contentUrl":"https:\/\/www.circlecityinternet.com\/wp23\/wp-content\/uploads\/2025\/08\/Logo-bizcards-centered_filled.png","width":801,"height":796,"caption":"Circle City Internet"},"image":{"@id":"https:\/\/www.circlecityinternet.com\/#\/schema\/logo\/image\/"},"sameAs":["https:\/\/facebook.com\/circlecityinternet"]}]}},"_links":{"self":[{"href":"https:\/\/www.circlecityinternet.com\/ro\/wp-json\/wp\/v2\/pages\/41","targetHints":{"allow":["GET"]}}],"collection":[{"href":"https:\/\/www.circlecityinternet.com\/ro\/wp-json\/wp\/v2\/pages"}],"about":[{"href":"https:\/\/www.circlecityinternet.com\/ro\/wp-json\/wp\/v2\/types\/page"}],"author":[{"embeddable":true,"href":"https:\/\/www.circlecityinternet.com\/ro\/wp-json\/wp\/v2\/users\/1"}],"replies":[{"embeddable":true,"href":"https:\/\/www.circlecityinternet.com\/ro\/wp-json\/wp\/v2\/comments?post=41"}],"version-history":[{"count":13,"href":"https:\/\/www.circlecityinternet.com\/ro\/wp-json\/wp\/v2\/pages\/41\/revisions"}],"predecessor-version":[{"id":262,"href":"https:\/\/www.circlecityinternet.com\/ro\/wp-json\/wp\/v2\/pages\/41\/revisions\/262"}],"wp:attachment":[{"href":"https:\/\/www.circlecityinternet.com\/ro\/wp-json\/wp\/v2\/media?parent=41"}],"curies":[{"name":"wp","href":"https:\/\/api.w.org\/{rel}","templated":true}]}}